{"id":757,"date":"2025-11-11T13:41:41","date_gmt":"2025-11-11T12:41:41","guid":{"rendered":"https:\/\/jpimusic.com\/home-2\/"},"modified":"2026-04-26T22:28:53","modified_gmt":"2026-04-26T20:28:53","slug":"jpi-je-passe-inapercu","status":"publish","type":"page","link":"https:\/\/jpimusic.com\/","title":{"rendered":"JPI &#8211; News"},"content":{"rendered":"\n<div class=\"wp-block-cover alignfull\"><img loading=\"lazy\" decoding=\"async\" width=\"485\" height=\"317\" class=\"wp-block-cover__image-background wp-image-2491 size-full\" alt=\"jpi head\" src=\"https:\/\/jpimusic.com\/wp-content\/uploads\/2026\/03\/JPI-head.png\" data-object-fit=\"cover\" title=\"JPI - News\" srcset=\"https:\/\/jpimusic.com\/wp-content\/uploads\/2026\/03\/JPI-head.png 485w, https:\/\/jpimusic.com\/wp-content\/uploads\/2026\/03\/JPI-head-300x196.png 300w\" sizes=\"auto, (max-width: 485px) 100vw, 485px\" \/><span aria-hidden=\"true\" class=\"wp-block-cover__background has-background-dim\" style=\"background-color:#3b3f46\"><\/span><div class=\"wp-block-cover__inner-container is-layout-constrained wp-block-cover-is-layout-constrained\">\n<div class=\"wp-block-media-text alignfull has-media-on-the-right is-stacked-on-mobile\" style=\"grid-template-columns:auto 62%\"><div class=\"wp-block-media-text__content\">\n<p><\/p>\n\n\n\n<p><\/p>\n<\/div><figure class=\"wp-block-media-text__media\"><img loading=\"lazy\" decoding=\"async\" width=\"1024\" height=\"595\" src=\"https:\/\/jpimusic.com\/wp-content\/uploads\/2025\/10\/Logo-1-1024x595.png\" alt=\"logo\" class=\"wp-image-2409 size-full\" title=\"JPI - News\" srcset=\"https:\/\/jpimusic.com\/wp-content\/uploads\/2025\/10\/Logo-1-1024x595.png 1024w, https:\/\/jpimusic.com\/wp-content\/uploads\/2025\/10\/Logo-1-300x174.png 300w, https:\/\/jpimusic.com\/wp-content\/uploads\/2025\/10\/Logo-1-768x446.png 768w, https:\/\/jpimusic.com\/wp-content\/uploads\/2025\/10\/Logo-1.png 1171w\" sizes=\"auto, (max-width: 1024px) 100vw, 1024px\" \/><\/figure><\/div>\n\n\n\n<p class=\"has-text-align-center\"><mark style=\"background-color:rgba(0, 0, 0, 0);color:#ffffff\" class=\"has-inline-color\">Notre vie n\u2019est qu\u2019un clin d\u2019\u0153il \u2013 quelles traces laisserons-nous derri\u00e8re nous ?<br><br>JPI est un projet artistique musical qui se concentre exclusivement sur la musique et tente d&#8217;exprimer la puret\u00e9 de l&#8217;\u00eatre humain \u00e0 travers l&#8217;imperfection.<br>Fid\u00e8le \u00e0 la devise \u00ab Je passe inaper\u00e7u \u00bb, JPI souhaite rester anonyme et laisser seule sa musique parler pour lui.<\/mark><\/p>\n<\/div><\/div>\n\n\n\n<div class=\"wp-block-cover alignfull\" style=\"min-height:1374px;aspect-ratio:unset;\"><img loading=\"lazy\" decoding=\"async\" width=\"1291\" height=\"767\" class=\"wp-block-cover__image-background wp-image-2493 size-full\" alt=\"background\" src=\"https:\/\/jpimusic.com\/wp-content\/uploads\/2026\/03\/Background.png\" data-object-fit=\"cover\" title=\"JPI - News\" srcset=\"https:\/\/jpimusic.com\/wp-content\/uploads\/2026\/03\/Background.png 1291w, https:\/\/jpimusic.com\/wp-content\/uploads\/2026\/03\/Background-300x178.png 300w, https:\/\/jpimusic.com\/wp-content\/uploads\/2026\/03\/Background-1024x608.png 1024w, https:\/\/jpimusic.com\/wp-content\/uploads\/2026\/03\/Background-768x456.png 768w\" sizes=\"auto, (max-width: 1291px) 100vw, 1291px\" \/><span aria-hidden=\"true\" class=\"wp-block-cover__background has-background-dim\" style=\"background-color:#2c2b3d\"><\/span><div class=\"wp-block-cover__inner-container is-layout-constrained wp-container-core-cover-is-layout-cff3d266 wp-block-cover-is-layout-constrained\">\n<figure class=\"wp-block-embed aligncenter is-type-video is-provider-youtube wp-block-embed-youtube wp-embed-aspect-16-9 wp-has-aspect-ratio\" style=\"margin-top:var(--wp--preset--spacing--30);margin-right:var(--wp--preset--spacing--40);margin-bottom:var(--wp--preset--spacing--30);margin-left:var(--wp--preset--spacing--40)\"><div class=\"wp-block-embed__wrapper\">\n<iframe loading=\"lazy\" title=\"JPI \u2013 Tellement humain (official video \/ clip officiel)\" width=\"500\" height=\"281\" src=\"https:\/\/www.youtube.com\/embed\/OIpXWaLYhZI?feature=oembed\" frameborder=\"0\" allow=\"accelerometer; autoplay; clipboard-write; encrypted-media; gyroscope; picture-in-picture; web-share\" referrerpolicy=\"strict-origin-when-cross-origin\" allowfullscreen><\/iframe>\n<\/div><\/figure>\n\n\n\n<figure class=\"wp-block-embed is-type-video is-provider-youtube wp-block-embed-youtube wp-embed-aspect-16-9 wp-has-aspect-ratio\" style=\"margin-top:var(--wp--preset--spacing--30);margin-right:var(--wp--preset--spacing--40);margin-bottom:var(--wp--preset--spacing--30);margin-left:var(--wp--preset--spacing--40)\"><div class=\"wp-block-embed__wrapper\">\n<iframe loading=\"lazy\" title=\"JPI \u2013 Sale putain (official video \/ clip officiel)\" width=\"500\" height=\"281\" src=\"https:\/\/www.youtube.com\/embed\/yeeho_UFRmU?feature=oembed\" frameborder=\"0\" allow=\"accelerometer; autoplay; clipboard-write; encrypted-media; gyroscope; picture-in-picture; web-share\" referrerpolicy=\"strict-origin-when-cross-origin\" allowfullscreen><\/iframe>\n<\/div><\/figure>\n\n\n\n<div class=\"wp-block-media-text alignwide is-stacked-on-mobile\" style=\"grid-template-columns:37% auto\"><figure class=\"wp-block-media-text__media\"><img loading=\"lazy\" decoding=\"async\" width=\"1024\" height=\"1024\" src=\"https:\/\/jpimusic.com\/wp-content\/uploads\/2025\/10\/Cover-mit-Titel-1024x1024.jpg\" alt=\"cover mit titel\" class=\"wp-image-2410 size-full\" title=\"JPI - News\" srcset=\"https:\/\/jpimusic.com\/wp-content\/uploads\/2025\/10\/Cover-mit-Titel-1024x1024.jpg 1024w, https:\/\/jpimusic.com\/wp-content\/uploads\/2025\/10\/Cover-mit-Titel-300x300.jpg 300w, https:\/\/jpimusic.com\/wp-content\/uploads\/2025\/10\/Cover-mit-Titel-150x150.jpg 150w, https:\/\/jpimusic.com\/wp-content\/uploads\/2025\/10\/Cover-mit-Titel-768x768.jpg 768w, https:\/\/jpimusic.com\/wp-content\/uploads\/2025\/10\/Cover-mit-Titel-1536x1536.jpg 1536w, https:\/\/jpimusic.com\/wp-content\/uploads\/2025\/10\/Cover-mit-Titel-2048x2048.jpg 2048w\" sizes=\"auto, (max-width: 1024px) 100vw, 1024px\" \/><\/figure><div class=\"wp-block-media-text__content\">\n<p class=\"has-white-color has-text-color has-link-color wp-elements-335e9521de3bfa82b68150b946785b41\" style=\"font-size:16px\">Cet album est un reflet sinc\u00e8re et brut de l&#8217;existence humaine, qui pose des questions auxquelles il n&#8217;y a pas de r\u00e9ponses. Il t&#8217;entra\u00eene dans un tourbillon \u00e9motionnel qui n&#8217;h\u00e9site pas \u00e0 plonger dans les t\u00e9n\u00e8bres, mais qui ne t&#8217;y laisse pas pour autant. Tu te retrouveras dans des sons qui parlent de perte, de deuil et de doute, pour \u00eatre port\u00e9 l&#8217;instant d&#8217;apr\u00e8s par une lueur d&#8217;espoir inattendue \u2013 un album qui embrasse les ombres pour rendre la lumi\u00e8re \u00e0 nouveau visible.<\/p>\n\n\n\n<p class=\"has-white-color has-text-color has-link-color wp-elements-ed77bf121d9ba88bdb4773b8d9937650\">Produit, arrang\u00e9, compos\u00e9 et interpr\u00e9t\u00e9 par JPI.<\/p>\n\n\n\n<p class=\"has-white-color has-text-color has-link-color wp-elements-d7889536f3ea9c7d3b7a6f6ba9ea5be9\">Autres musiciens : <\/p>\n\n\n\n<ul class=\"wp-block-list\">\n<li>Glenn Welman : batterie<\/li>\n\n\n\n<li>Andy Forster : basse sur \u2018Le silence\u2019, \u2018Sur le Titanic\u2019 et&nbsp;\u2018Ton c\u0153ur\u2019<\/li>\n\n\n\n<li>Hakeem : rap sur \u2018Echec et mat\u2019 et \u2018A travers les t\u00e9n\u00e8bres\u2019<\/li>\n\n\n\n<li>Leila : chant<\/li>\n<\/ul>\n<\/div><\/div>\n\n\n\n<div class=\"wp-block-media-text alignwide is-stacked-on-mobile\" style=\"grid-template-columns:21% auto\"><figure class=\"wp-block-media-text__media\"><img loading=\"lazy\" decoding=\"async\" width=\"1024\" height=\"510\" src=\"https:\/\/jpimusic.com\/wp-content\/uploads\/2025\/11\/No-Socials_2-1024x510.png\" alt=\"no socials 2\" class=\"wp-image-2446 size-full\" title=\"JPI - News\" srcset=\"https:\/\/jpimusic.com\/wp-content\/uploads\/2025\/11\/No-Socials_2-1024x510.png 1024w, https:\/\/jpimusic.com\/wp-content\/uploads\/2025\/11\/No-Socials_2-300x149.png 300w, https:\/\/jpimusic.com\/wp-content\/uploads\/2025\/11\/No-Socials_2-768x382.png 768w, https:\/\/jpimusic.com\/wp-content\/uploads\/2025\/11\/No-Socials_2-1536x765.png 1536w, https:\/\/jpimusic.com\/wp-content\/uploads\/2025\/11\/No-Socials_2-2048x1020.png 2048w\" sizes=\"auto, (max-width: 1024px) 100vw, 1024px\" \/><\/figure><div class=\"wp-block-media-text__content\">\n<p class=\"has-white-color has-text-color has-link-color wp-elements-ca409f6a61731106e597f18c22f1b531\">Contact: management@jpimusic.com<\/p>\n\n\n\n<p class=\"has-white-color has-text-color has-link-color wp-elements-6d0d58ad7df8ebfe5456b3db84d40d49\" style=\"font-size:14px\">JPI est convaincu que les r\u00e9seaux sociaux nous \u00e9loignent de notre humanit\u00e9 et renonce donc compl\u00e8tement \u00e0 ceux-ci.<\/p>\n<\/div><\/div>\n\n\n\n<p><\/p>\n\n\n\n<p class=\"has-text-align-center has-ast-global-color-5-color has-text-color has-link-color has-small-font-size wp-elements-04ff03e6218f1f65813eceb4b849e468\">Copyright \u00a9 2025 JPI Music<\/p>\n<\/div><\/div>\n\n\n\n<p><\/p>\n","protected":false},"excerpt":{"rendered":"","protected":false},"author":1,"featured_media":0,"parent":0,"menu_order":0,"comment_status":"closed","ping_status":"closed","template":"","meta":{"_uag_custom_page_level_css":"","_monsterinsights_skip_tracking":false,"_monsterinsights_sitenote_active":false,"_monsterinsights_sitenote_note":"","_monsterinsights_sitenote_category":0,"site-sidebar-layout":"no-sidebar","site-content-layout":"page-builder","ast-site-content-layout":"full-width-container","site-content-style":"unboxed","site-sidebar-style":"unboxed","ast-global-header-display":"","ast-banner-title-visibility":"","ast-main-header-display":"","ast-hfb-above-header-display":"","ast-hfb-below-header-display":"","ast-hfb-mobile-header-display":"","site-post-title":"disabled","ast-breadcrumbs-content":"","ast-featured-img":"disabled","footer-sml-layout":"","ast-disable-related-posts":"","theme-transparent-header-meta":"enabled","adv-header-id-meta":"","stick-header-meta":"","header-above-stick-meta":"","header-main-stick-meta":"","header-below-stick-meta":"","astra-migrate-meta-layouts":"set","ast-page-background-enabled":"default","ast-page-background-meta":{"desktop":{"background-color":"var(--ast-global-color-4)","background-image":"","background-repeat":"repeat","background-position":"center center","background-size":"auto","background-attachment":"scroll","background-type":"","background-media":"","overlay-type":"","overlay-color":"","overlay-opacity":"","overlay-gradient":""},"tablet":{"background-color":"","background-image":"","background-repeat":"repeat","background-position":"center center","background-size":"auto","background-attachment":"scroll","background-type":"","background-media":"","overlay-type":"","overlay-color":"","overlay-opacity":"","overlay-gradient":""},"mobile":{"background-color":"","background-image":"","background-repeat":"repeat","background-position":"center center","background-size":"auto","background-attachment":"scroll","background-type":"","background-media":"","overlay-type":"","overlay-color":"","overlay-opacity":"","overlay-gradient":""}},"ast-content-background-meta":{"desktop":{"background-color":"var(--ast-global-color-5)","background-image":"","background-repeat":"repeat","background-position":"center center","background-size":"auto","background-attachment":"scroll","background-type":"","background-media":"","overlay-type":"","overlay-color":"","overlay-opacity":"","overlay-gradient":""},"tablet":{"background-color":"var(--ast-global-color-5)","background-image":"","background-repeat":"repeat","background-position":"center center","background-size":"auto","background-attachment":"scroll","background-type":"","background-media":"","overlay-type":"","overlay-color":"","overlay-opacity":"","overlay-gradient":""},"mobile":{"background-color":"var(--ast-global-color-5)","background-image":"","background-repeat":"repeat","background-position":"center center","background-size":"auto","background-attachment":"scroll","background-type":"","background-media":"","overlay-type":"","overlay-color":"","overlay-opacity":"","overlay-gradient":""}},"footnotes":""},"class_list":["post-757","page","type-page","status-publish","hentry"],"_hostinger_reach_plugin_has_subscription_block":false,"_hostinger_reach_plugin_is_elementor":false,"uagb_featured_image_src":{"full":false,"thumbnail":false,"medium":false,"medium_large":false,"large":false,"1536x1536":false,"2048x2048":false},"uagb_author_info":{"display_name":"belser.christophe@gmail.com","author_link":"https:\/\/jpimusic.com\/?author=1"},"uagb_comment_info":0,"uagb_excerpt":null,"_links":{"self":[{"href":"https:\/\/jpimusic.com\/index.php?rest_route=\/wp\/v2\/pages\/757","targetHints":{"allow":["GET"]}}],"collection":[{"href":"https:\/\/jpimusic.com\/index.php?rest_route=\/wp\/v2\/pages"}],"about":[{"href":"https:\/\/jpimusic.com\/index.php?rest_route=\/wp\/v2\/types\/page"}],"author":[{"embeddable":true,"href":"https:\/\/jpimusic.com\/index.php?rest_route=\/wp\/v2\/users\/1"}],"replies":[{"embeddable":true,"href":"https:\/\/jpimusic.com\/index.php?rest_route=%2Fwp%2Fv2%2Fcomments&post=757"}],"version-history":[{"count":42,"href":"https:\/\/jpimusic.com\/index.php?rest_route=\/wp\/v2\/pages\/757\/revisions"}],"predecessor-version":[{"id":2509,"href":"https:\/\/jpimusic.com\/index.php?rest_route=\/wp\/v2\/pages\/757\/revisions\/2509"}],"wp:attachment":[{"href":"https:\/\/jpimusic.com\/index.php?rest_route=%2Fwp%2Fv2%2Fmedia&parent=757"}],"curies":[{"name":"wp","href":"https:\/\/api.w.org\/{rel}","templated":true}]}}